{"id":345,"date":"2016-10-14T09:49:47","date_gmt":"2016-10-14T09:49:47","guid":{"rendered":"http:\/\/bursztyninaczej.pl\/?page_id=345"},"modified":"2018-07-05T21:36:45","modified_gmt":"2018-07-05T21:36:45","slug":"malarstwo","status":"publish","type":"page","link":"https:\/\/shadowland.com.pl\/?page_id=345","title":{"rendered":"Obrazy"},"content":{"rendered":"<div id=\"gwpb3610ea1\" class=\"ng-scope\">\n<div>Po\u015br\u00f3d wielu naszych dzia\u0142a\u0144, zda\u017ca nam sie r\u00f3wnie\u017c malowa\u0107 obrazy, co cz\u0119sto jest cudown\u0105 odskoczni\u0105 od z\u0142o\u017conosci procesu powstawania ceramiki. Zaj\u017cyjcie do galerii, s\u0105 to nasze realizacje na prywatne zam\u00f3wienia:<\/div>\n<div><\/div>\n<div>Among many other things which we deal with, occasionally we paint. Our medium is mostly acrylic paint applied on a linen canvas. Sometimes I begin the painting by constructing its body or main mass and Kate finishes it with her light-stroke or heavy-and-sharp, still definite, touch of the brush; sometimes it is her individual expression of some notion.<\/div>\n<div>Compared to pottery, painting seems to us an organic act &#8211; one we are able to feel, and thus monitor, fully along the way, coming to somehow instant effect. And it is so relaxing, so refreshing after all the phases one must go through when\u00a0 making a batch of plates at the mercy of ones kiln.<\/div>\n<\/div>\n<p>Take a peek at our works :<\/p>\n<p>[supsystic-gallery id=11 position=center]<\/p>\n<p>&nbsp;<\/p>\n<p>&nbsp;<\/p>\n","protected":false},"excerpt":{"rendered":"<p>Po\u015br\u00f3d wielu naszych dzia\u0142a\u0144, zda\u017ca nam sie r\u00f3wnie\u017c malowa\u0107 obrazy, co cz\u0119sto jest cudown\u0105 odskoczni\u0105 od z\u0142o\u017conosci procesu powstawania ceramiki. Zaj\u017cyjcie do galerii, s\u0105 to nasze realizacje na prywatne zam\u00f3wienia: Among many other things which we deal with, occasionally we paint. Our medium is mostly acrylic paint applied on a linen canvas. Sometimes I begin &hellip; <\/p>\n<p class=\"link-more\"><a href=\"https:\/\/shadowland.com.pl\/?page_id=345\" class=\"more-link\">Read more<span class=\"screen-reader-text\"> &#8220;Obrazy&#8221;<\/span><\/a><\/p>\n","protected":false},"author":1,"featured_media":0,"parent":0,"menu_order":0,"comment_status":"closed","ping_status":"closed","template":"","meta":{"inspiro_hide_title":false,"footnotes":""},"class_list":["post-345","page","type-page","status-publish","hentry"],"jetpack_sharing_enabled":true,"_links":{"self":[{"href":"https:\/\/shadowland.com.pl\/index.php?rest_route=\/wp\/v2\/pages\/345","targetHints":{"allow":["GET"]}}],"collection":[{"href":"https:\/\/shadowland.com.pl\/index.php?rest_route=\/wp\/v2\/pages"}],"about":[{"href":"https:\/\/shadowland.com.pl\/index.php?rest_route=\/wp\/v2\/types\/page"}],"author":[{"embeddable":true,"href":"https:\/\/shadowland.com.pl\/index.php?rest_route=\/wp\/v2\/users\/1"}],"replies":[{"embeddable":true,"href":"https:\/\/shadowland.com.pl\/index.php?rest_route=%2Fwp%2Fv2%2Fcomments&post=345"}],"version-history":[{"count":8,"href":"https:\/\/shadowland.com.pl\/index.php?rest_route=\/wp\/v2\/pages\/345\/revisions"}],"predecessor-version":[{"id":712,"href":"https:\/\/shadowland.com.pl\/index.php?rest_route=\/wp\/v2\/pages\/345\/revisions\/712"}],"wp:attachment":[{"href":"https:\/\/shadowland.com.pl\/index.php?rest_route=%2Fwp%2Fv2%2Fmedia&parent=345"}],"curies":[{"name":"wp","href":"https:\/\/api.w.org\/{rel}","templated":true}]}}