{"id":265,"date":"2016-03-15T18:26:00","date_gmt":"2016-03-15T18:26:00","guid":{"rendered":"http:\/\/bursztyninaczej.pl\/?page_id=265"},"modified":"2016-09-08T22:18:47","modified_gmt":"2016-09-08T22:18:47","slug":"sesje-na-czym-to-sie-je","status":"publish","type":"page","link":"https:\/\/shadowland.com.pl\/?page_id=265","title":{"rendered":"Sesje \/ na czym to si\u0119 je&#8230;"},"content":{"rendered":"<p>Tu prezentujemy jak dobrze mo\u017ce wygl\u0105da\u0107 owoc , obiad czy kawa\u0142ek ciasta podany na naszych naczyniach.<\/p>\n<p>[supsystic-gallery id=9 position=center]<\/p>\n<p>I TROCH\u0118 SUSHI PO ZMROKU [supsystic-gallery id=10 position=center]<\/p>\n","protected":false},"excerpt":{"rendered":"<p>Tu prezentujemy jak dobrze mo\u017ce wygl\u0105da\u0107 owoc , obiad czy kawa\u0142ek ciasta podany na naszych naczyniach. [supsystic-gallery id=9 position=center] I&hellip; <\/p>\n","protected":false},"author":1,"featured_media":0,"parent":0,"menu_order":0,"comment_status":"closed","ping_status":"closed","template":"","meta":{"footnotes":""},"class_list":["post-265","page","type-page","status-publish","hentry"],"jetpack_sharing_enabled":true,"_links":{"self":[{"href":"https:\/\/shadowland.com.pl\/index.php?rest_route=\/wp\/v2\/pages\/265","targetHints":{"allow":["GET"]}}],"collection":[{"href":"https:\/\/shadowland.com.pl\/index.php?rest_route=\/wp\/v2\/pages"}],"about":[{"href":"https:\/\/shadowland.com.pl\/index.php?rest_route=\/wp\/v2\/types\/page"}],"author":[{"embeddable":true,"href":"https:\/\/shadowland.com.pl\/index.php?rest_route=\/wp\/v2\/users\/1"}],"replies":[{"embeddable":true,"href":"https:\/\/shadowland.com.pl\/index.php?rest_route=%2Fwp%2Fv2%2Fcomments&post=265"}],"version-history":[{"count":4,"href":"https:\/\/shadowland.com.pl\/index.php?rest_route=\/wp\/v2\/pages\/265\/revisions"}],"predecessor-version":[{"id":343,"href":"https:\/\/shadowland.com.pl\/index.php?rest_route=\/wp\/v2\/pages\/265\/revisions\/343"}],"wp:attachment":[{"href":"https:\/\/shadowland.com.pl\/index.php?rest_route=%2Fwp%2Fv2%2Fmedia&parent=265"}],"curies":[{"name":"wp","href":"https:\/\/api.w.org\/{rel}","templated":true}]}}