{"id":192,"date":"2016-02-29T19:20:48","date_gmt":"2016-02-29T19:20:48","guid":{"rendered":"http:\/\/bursztyninaczej.pl\/?page_id=192"},"modified":"2018-07-07T19:45:16","modified_gmt":"2018-07-07T19:45:16","slug":"bursztyn-inaczej","status":"publish","type":"page","link":"https:\/\/shadowland.com.pl\/?page_id=192","title":{"rendered":"Projekt pomi\u0119dzy \/ Side project"},"content":{"rendered":"<div id=\"gwp75047454\" class=\"ng-scope\">\n<div>Bursztyn _inaczej\/Amber_otherwise<\/div>\n<div><\/div>\n<div>Tym projektem zajmuje si\u0119 Katarzyna.<\/div>\n<div>Mierzy si\u0119 z tematem bursztynu jako regionalnego skarbu, podawanego w klasycznej ,wr\u0119cz konserwatywnej formie srebnej bi\u017cuterii.<\/div>\n<div>&#8220;Inaczej&#8221; znaczy odej\u015bcie od nudnej srebnej otoczki i my\u015blenia o bursztynie tylko jako pi\u0119knym, przejrzystym, nieco sztucznie plastikowym &#8220;serduszku&#8221;. Tutaj jest on \u0142\u0105czony z naszym ulubionym materia\u0142em &#8211; ceramik\u0105 wypalan\u0105 na r\u00f3\u017cne sposoby. Jest te\u017c \u0142\u0105czony z fragmentami drewna zebranego na pla\u017cy lub\u00a0 metalami nie szlachetnymi jak mosi\u0105dz czy mied\u017a patynowana. Te dzia\u0142ania z pewno\u015bci\u0105 odczarowuj\u0105 &#8220;nudno\u015b\u0107&#8221; i wykraczaj\u0105 poza &#8220;\u0142adno\u015b\u0107&#8221; bursztynu.<\/div>\n<div>Po wi\u0119cej informacji prosimy pisa\u0107 na adres: weltagentur@gmail.com<\/div>\n<\/div>\n<div><\/div>\n<div id=\"gwp75047454\" class=\"ng-scope\">\n<div>\/Amber_otherwise<\/div>\n<div><\/div>\n<div>This is our studio&#8217;s side project led by Katarzyna.<br \/>\nIt aims at addressing the issue of amber &#8211; Gda\u0144sk&#8217;s regional treasure, sold all around the Old Town, usually framed in silver &#8211; as part of jewellery items.<\/div>\n<div>The different approach means dropping the boring silver frame and the idea of amber being solely a nice, transparent, plastic-like &#8216;heart&#8217;. Here it is being merged with ceramics &#8211; our best material ever, pieces of driftwood, sometimes with other metals. And it is certainly not &#8216;only pretty&#8217;.<\/div>\n<div><\/div>\n<div>For more information please contact: weltagentur@gmail.com<\/div>\n<div><\/div>\n<div>[supsystic-gallery id=13 position=center]<\/div>\n<\/div>\n","protected":false},"excerpt":{"rendered":"<p>Bursztyn _inaczej\/Amber_otherwise Tym projektem zajmuje si\u0119 Katarzyna. Mierzy si\u0119 z tematem bursztynu jako regionalnego skarbu, podawanego w klasycznej ,wr\u0119cz konserwatywnej&hellip; <\/p>\n","protected":false},"author":1,"featured_media":0,"parent":0,"menu_order":0,"comment_status":"closed","ping_status":"closed","template":"","meta":{"footnotes":""},"class_list":["post-192","page","type-page","status-publish","hentry"],"jetpack_sharing_enabled":true,"_links":{"self":[{"href":"https:\/\/shadowland.com.pl\/index.php?rest_route=\/wp\/v2\/pages\/192","targetHints":{"allow":["GET"]}}],"collection":[{"href":"https:\/\/shadowland.com.pl\/index.php?rest_route=\/wp\/v2\/pages"}],"about":[{"href":"https:\/\/shadowland.com.pl\/index.php?rest_route=\/wp\/v2\/types\/page"}],"author":[{"embeddable":true,"href":"https:\/\/shadowland.com.pl\/index.php?rest_route=\/wp\/v2\/users\/1"}],"replies":[{"embeddable":true,"href":"https:\/\/shadowland.com.pl\/index.php?rest_route=%2Fwp%2Fv2%2Fcomments&post=192"}],"version-history":[{"count":20,"href":"https:\/\/shadowland.com.pl\/index.php?rest_route=\/wp\/v2\/pages\/192\/revisions"}],"predecessor-version":[{"id":760,"href":"https:\/\/shadowland.com.pl\/index.php?rest_route=\/wp\/v2\/pages\/192\/revisions\/760"}],"wp:attachment":[{"href":"https:\/\/shadowland.com.pl\/index.php?rest_route=%2Fwp%2Fv2%2Fmedia&parent=192"}],"curies":[{"name":"wp","href":"https:\/\/api.w.org\/{rel}","templated":true}]}}